{"id":932,"date":"2024-09-09T12:24:04","date_gmt":"2024-09-09T10:24:04","guid":{"rendered":"https:\/\/boardsconnections.surf\/?page_id=932"},"modified":"2024-09-09T12:24:07","modified_gmt":"2024-09-09T10:24:07","slug":"terms","status":"publish","type":"page","link":"https:\/\/boardsconnections.surf\/de\/bedingungen\/","title":{"rendered":"Bedingungen und Konditionen"},"content":{"rendered":"<h4 class=\"wp-block-heading\">1. Allgemeine Informationen<\/h4>\n\n\n\n<p>Boards Connections (im Folgenden als \"das Unternehmen\" bezeichnet) ist eine von Pierfrancesco Rizzo betriebene Surfschule mit Sitz in der Calle Acorazado Espa\u00f1a, 10, 35560 Corralejo, Fuerteventura, Las Palmas, Spanien. Diese Allgemeinen Gesch\u00e4ftsbedingungen gelten f\u00fcr alle Buchungen, die \u00fcber die Website vorgenommen werden <a href=\"https:\/\/boardsconnections.surf\/de\/\">https:\/\/boardsconnections.surf<\/a>.<\/p>\n\n\n\n<h4 class=\"wp-block-heading\">2. Buchungen<\/h4>\n\n\n\n<p>Buchungen f\u00fcr Surfstunden k\u00f6nnen online mit einer g\u00fcltigen Kreditkarte vorgenommen werden. Die Verf\u00fcgbarkeit der Lektionen unterliegt der Planung und Best\u00e4tigung durch das Unternehmen.<\/p>\n\n\n\n<h4 class=\"wp-block-heading\">3. Best\u00e4tigung der Buchung<\/h4>\n\n\n\n<p>Das Datum und die Uhrzeit des Unterrichts werden 24 Stunden vor der geplanten Unterrichtsstunde per WhatsApp best\u00e4tigt. Es liegt in der Verantwortung des Kunden, genaue Kontaktdaten f\u00fcr diesen Best\u00e4tigungsprozess anzugeben.<\/p>\n\n\n\n<h4 class=\"wp-block-heading\">4. Annullierungspolitik<\/h4>\n\n\n\n<p>Sie k\u00f6nnen Ihre Buchung bis zu 24 Stunden vor der geplanten Unterrichtsstunde stornieren, indem Sie eine E-Mail an <strong><a>info@boardsconnections.surf<\/a><\/strong>. Bei einer Stornierung innerhalb dieses Zeitraums wird der volle Betrag erstattet.<\/p>\n\n\n\n<h4 class=\"wp-block-heading\">5. Erstattungen<\/h4>\n\n\n\n<p>Erstattungen f\u00fcr stornierte Buchungen werden \u00fcber die urspr\u00fcngliche Zahlungsmethode abgewickelt. Die Erstattungsdauer h\u00e4ngt von den Bearbeitungszeiten Ihrer Bank oder Ihres Finanzinstituts ab. Das Unternehmen ist nicht f\u00fcr Verz\u00f6gerungen verantwortlich, die von diesen Drittanbietern verursacht werden.<\/p>\n\n\n\n<h4 class=\"wp-block-heading\">6. Haftung<\/h4>\n\n\n\n<p>Das Unternehmen ist nicht verantwortlich f\u00fcr \u00e4u\u00dfere Einfl\u00fcsse wie Wetterbedingungen, unvorhergesehene Umst\u00e4nde oder pers\u00f6nliche Notf\u00e4lle, die die Teilnahme am Unterricht beeintr\u00e4chtigen k\u00f6nnten. Die Kunden werden aufgefordert, das Unternehmen umgehend zu kontaktieren, wenn solche Situationen auftreten.<\/p>\n\n\n\n<h4 class=\"wp-block-heading\">7. \u00c4nderungen der Bedingungen<\/h4>\n\n\n\n<p>Das Unternehmen beh\u00e4lt sich das Recht vor, diese Bedingungen jederzeit zu \u00e4ndern. Alle \u00c4nderungen werden auf der Website aktualisiert.<\/p>\n\n\n\n<p>F\u00fcr weitere Informationen kontaktieren Sie uns bitte unter <strong><a>info@boardsconnections.surf<\/a><\/strong>.<\/p>","protected":false},"excerpt":{"rendered":"<p>1. General Information Boards Connections (hereinafter referred to as &#8220;the Company&#8221;) is a surf school operated by Pierfrancesco Rizzo, located at Calle Acorazado Espa\u00f1a, 10, 35560 Corralejo, Fuerteventura, Las Palmas, Spain. These terms and conditions apply to all bookings made via the website https:\/\/boardsconnections.surf. 2. Bookings Bookings for surf lessons can be made online using [&hellip;]<\/p>","protected":false},"author":1,"featured_media":0,"parent":0,"menu_order":0,"comment_status":"closed","ping_status":"closed","template":"","meta":{"_acf_changed":false,"_monsterinsights_skip_tracking":false,"_monsterinsights_sitenote_active":false,"_monsterinsights_sitenote_note":"","_monsterinsights_sitenote_category":0,"_joinchat":[],"footnotes":""},"class_list":["post-932","page","type-page","status-publish","hentry"],"acf":[],"_links":{"self":[{"href":"https:\/\/boardsconnections.surf\/de\/wp-json\/wp\/v2\/pages\/932","targetHints":{"allow":["GET"]}}],"collection":[{"href":"https:\/\/boardsconnections.surf\/de\/wp-json\/wp\/v2\/pages"}],"about":[{"href":"https:\/\/boardsconnections.surf\/de\/wp-json\/wp\/v2\/types\/page"}],"author":[{"embeddable":true,"href":"https:\/\/boardsconnections.surf\/de\/wp-json\/wp\/v2\/users\/1"}],"replies":[{"embeddable":true,"href":"https:\/\/boardsconnections.surf\/de\/wp-json\/wp\/v2\/comments?post=932"}],"version-history":[{"count":1,"href":"https:\/\/boardsconnections.surf\/de\/wp-json\/wp\/v2\/pages\/932\/revisions"}],"predecessor-version":[{"id":933,"href":"https:\/\/boardsconnections.surf\/de\/wp-json\/wp\/v2\/pages\/932\/revisions\/933"}],"wp:attachment":[{"href":"https:\/\/boardsconnections.surf\/de\/wp-json\/wp\/v2\/media?parent=932"}],"curies":[{"name":"wp","href":"https:\/\/api.w.org\/{rel}","templated":true}]}}