{"id":935,"date":"2024-09-09T12:26:13","date_gmt":"2024-09-09T10:26:13","guid":{"rendered":"https:\/\/boardsconnections.surf\/?page_id=935"},"modified":"2024-09-09T12:26:14","modified_gmt":"2024-09-09T10:26:14","slug":"cookie-policy","status":"publish","type":"page","link":"https:\/\/boardsconnections.surf\/de\/cookie-richtlinie\/","title":{"rendered":"Cookie-Richtlinie"},"content":{"rendered":"<p>Bei Boards Connections verwenden wir Cookies, um Ihre Erfahrung auf unserer Website zu verbessern <a href=\"https:\/\/boardsconnections.surf\/de\/\">https:\/\/boardsconnections.surf<\/a>. Diese Cookie-Richtlinie erkl\u00e4rt, was Cookies sind, wie wir sie verwenden und welche M\u00f6glichkeiten Sie haben, sie zu kontrollieren.<\/p>\n\n\n\n<h4 class=\"wp-block-heading\">1. Was sind Cookies?<\/h4>\n\n\n\n<p>Cookies sind kleine Textdateien, die auf Ihrem Ger\u00e4t (Computer, Tablet oder Handy) gespeichert werden, wenn Sie Websites besuchen. Sie helfen dabei, Ihr Surferlebnis zu verbessern, indem sie sich an Ihre Pr\u00e4ferenzen erinnern, bestimmte Funktionen aktivieren und uns Informationen dar\u00fcber liefern, wie Nutzer mit der Website interagieren.<\/p>\n\n\n\n<h4 class=\"wp-block-heading\">2. Arten von Cookies, die wir verwenden<\/h4>\n\n\n\n<ol class=\"wp-block-list\">\n<li><strong>Unverzichtbare Cookies<\/strong><br>Diese Cookies sind f\u00fcr die grundlegende Funktionalit\u00e4t der Website erforderlich. Ohne sie k\u00f6nnten einige von Ihnen angeforderte Dienste, wie z. B. die Buchung einer Surfstunde, nicht richtig funktionieren.<\/li>\n\n\n\n<li><strong>Leistungs- und Analyse-Cookies<\/strong><br>Diese Cookies helfen uns zu verstehen, wie Besucher unsere Website nutzen, indem sie anonyme Nutzungsdaten sammeln, wie z. B. die besuchten Seiten und die auf der Website verbrachte Zeit. Dies hilft uns, die Leistung der Website und die Benutzerfreundlichkeit zu verbessern.\n<ul class=\"wp-block-list\">\n<li><strong>Google Analytics<\/strong>: Wir verwenden Google Analytics, um Nutzerinteraktionen zu verfolgen und Einblicke in den Website-Verkehr zu erhalten.<\/li>\n<\/ul>\n<\/li>\n\n\n\n<li><strong>Funktionalit\u00e4t Cookies<\/strong><br>Diese Cookies erm\u00f6glichen es unserer Website, sich an Ihre Entscheidungen zu erinnern (z. B. Spracheinstellungen oder Formulareingaben) und verbesserte, personalisierte Funktionen bereitzustellen.\n<ul class=\"wp-block-list\">\n<li><strong>Elementor<\/strong>: Wir verwenden Elementor, ein Website-Design-Tool, um bestimmte Elemente auf unserer Website zu erstellen und anzuzeigen. Dies kann Cookies setzen, um sicherzustellen, dass diese Elemente korrekt funktionieren.<\/li>\n\n\n\n<li><strong>Google Maps<\/strong>: Unsere Website verwendet Google Maps, um Standortinformationen anzuzeigen. Diese Cookies helfen beim Laden und Rendern der Karteninhalte und speichern Ihre Einstellungen.<\/li>\n<\/ul>\n<\/li>\n\n\n\n<li><strong>Sicherheits-Cookies<\/strong><br>Diese Cookies werden verwendet, um die Sicherheit bei Ihren Interaktionen mit der Website zu gew\u00e4hrleisten.\n<ul class=\"wp-block-list\">\n<li><strong>Google reCAPTCHA<\/strong>: Wir verwenden Google reCAPTCHA, um Spam und Missbrauch in unseren Formularen zu verhindern. Dieser Dienst kann Cookies setzen, um zu \u00fcberpr\u00fcfen, ob ein Mensch mit der Website interagiert.<\/li>\n<\/ul>\n<\/li>\n<\/ol>\n\n\n\n<h4 class=\"wp-block-heading\">3. Verwaltung von Cookies<\/h4>\n\n\n\n<p>Sie k\u00f6nnen Cookies auf verschiedene Weise kontrollieren und verwalten:<\/p>\n\n\n\n<ul class=\"wp-block-list\">\n<li><strong>Browser-Einstellungen<\/strong>: Die meisten Browser erlauben es Ihnen, Cookies \u00fcber ihre Einstellungen abzulehnen oder zu l\u00f6schen. Das Blockieren von Cookies kann jedoch Ihre F\u00e4higkeit beeintr\u00e4chtigen, einige Funktionen der Website zu nutzen.<\/li>\n\n\n\n<li><strong>Abmeldung von Google-Diensten<\/strong>: Sie k\u00f6nnen sich von Google Analytics abmelden, indem Sie das <a>Google Analytics Opt-out Browser Add-on<\/a>. Sie k\u00f6nnen die Einstellungen f\u00fcr Google Ads auch \u00fcber die <a href=\"https:\/\/adssettings.google.com\/\">Google Ads-Einstellungen<\/a>.<\/li>\n<\/ul>\n\n\n\n<h4 class=\"wp-block-heading\">4. Cookies von Drittanbietern<\/h4>\n\n\n\n<p>Wir nutzen Dienste Dritter, wie z. B. Google, die f\u00fcr ihre eigenen Zwecke (z. B. Werbung, Analysen) Cookies auf Ihrem Ger\u00e4t platzieren k\u00f6nnen. Wir empfehlen Ihnen, die Datenschutzrichtlinien dieser Drittanbieter zu lesen, um sich \u00fcber deren Datenpraktiken zu informieren.<\/p>\n\n\n\n<ul class=\"wp-block-list\">\n<li><strong>Google<\/strong>: Sie k\u00f6nnen mehr dar\u00fcber erfahren, wie Google Cookies verwendet und wie Sie diese verwalten k\u00f6nnen, indem Sie die Google-Website <a>Datenschutz &amp; Bedingungen<\/a>.<\/li>\n<\/ul>\n\n\n\n<h4 class=\"wp-block-heading\">5. \u00c4nderungen an dieser Cookie-Richtlinie<\/h4>\n\n\n\n<p>Boards Connections beh\u00e4lt sich das Recht vor, diese Cookie-Richtlinie jederzeit zu aktualisieren. Alle \u00c4nderungen werden auf dieser Seite ver\u00f6ffentlicht, und wir empfehlen Ihnen, sie regelm\u00e4\u00dfig auf Aktualisierungen zu \u00fcberpr\u00fcfen.<\/p>\n\n\n\n<h4 class=\"wp-block-heading\">6. Kontakt<\/h4>\n\n\n\n<p>Wenn Sie Fragen zu dieser Cookie-Richtlinie haben, kontaktieren Sie uns bitte unter <strong><a>info@boardsconnections.surf<\/a><\/strong>.<\/p>","protected":false},"excerpt":{"rendered":"<p>At Boards Connections, we use cookies to enhance your experience on our website https:\/\/boardsconnections.surf. This Cookies Policy explains what cookies are, how we use them, and your options for controlling them. 1. What Are Cookies? Cookies are small text files stored on your device (computer, tablet, or mobile) when you visit websites. They help improve [&hellip;]<\/p>","protected":false},"author":1,"featured_media":0,"parent":0,"menu_order":0,"comment_status":"closed","ping_status":"closed","template":"","meta":{"_acf_changed":false,"_monsterinsights_skip_tracking":false,"_monsterinsights_sitenote_active":false,"_monsterinsights_sitenote_note":"","_monsterinsights_sitenote_category":0,"_joinchat":[],"footnotes":""},"class_list":["post-935","page","type-page","status-publish","hentry"],"acf":[],"_links":{"self":[{"href":"https:\/\/boardsconnections.surf\/de\/wp-json\/wp\/v2\/pages\/935","targetHints":{"allow":["GET"]}}],"collection":[{"href":"https:\/\/boardsconnections.surf\/de\/wp-json\/wp\/v2\/pages"}],"about":[{"href":"https:\/\/boardsconnections.surf\/de\/wp-json\/wp\/v2\/types\/page"}],"author":[{"embeddable":true,"href":"https:\/\/boardsconnections.surf\/de\/wp-json\/wp\/v2\/users\/1"}],"replies":[{"embeddable":true,"href":"https:\/\/boardsconnections.surf\/de\/wp-json\/wp\/v2\/comments?post=935"}],"version-history":[{"count":1,"href":"https:\/\/boardsconnections.surf\/de\/wp-json\/wp\/v2\/pages\/935\/revisions"}],"predecessor-version":[{"id":936,"href":"https:\/\/boardsconnections.surf\/de\/wp-json\/wp\/v2\/pages\/935\/revisions\/936"}],"wp:attachment":[{"href":"https:\/\/boardsconnections.surf\/de\/wp-json\/wp\/v2\/media?parent=935"}],"curies":[{"name":"wp","href":"https:\/\/api.w.org\/{rel}","templated":true}]}}