{"id":3,"date":"2024-08-28T14:15:21","date_gmt":"2024-08-28T14:15:21","guid":{"rendered":"https:\/\/boardsconnections.surf\/?page_id=3"},"modified":"2024-09-09T12:25:05","modified_gmt":"2024-09-09T10:25:05","slug":"privacy-policy","status":"publish","type":"page","link":"https:\/\/boardsconnections.surf\/es\/politica-de-privacidad\/","title":{"rendered":"Pol\u00edtica de privacidad"},"content":{"rendered":"<p>En Boards Connections, accesible desde <a href=\"https:\/\/boardsconnections.surf\/es\/\">https:\/\/boardsconnections.surf<\/a>nos comprometemos a proteger su privacidad. Este documento de Pol\u00edtica de privacidad describe los tipos de informaci\u00f3n que recopilamos y c\u00f3mo la utilizamos, almacenamos y protegemos.<\/p>\n\n\n\n<h4 class=\"wp-block-heading\">1. Informaci\u00f3n que recopilamos<\/h4>\n\n\n\n<p>Cuando reserva una clase de surf o interact\u00faa con nuestro sitio web, podemos recopilar la siguiente informaci\u00f3n:<\/p>\n\n\n\n<ul class=\"wp-block-list\">\n<li><strong>Informaci\u00f3n personal<\/strong>: Nombre, direcci\u00f3n de correo electr\u00f3nico, n\u00famero de tel\u00e9fono (para confirmaciones por WhatsApp) y datos de la tarjeta de cr\u00e9dito.<\/li>\n\n\n\n<li><strong>Comunicaciones<\/strong>: Cualquier mensaje o consulta que nos env\u00ede por correo electr\u00f3nico o WhatsApp.<\/li>\n\n\n\n<li><strong>Datos de uso<\/strong>: Informaci\u00f3n sobre c\u00f3mo utiliza nuestro sitio web (por ejemplo, direcci\u00f3n IP, tipo de navegador, p\u00e1ginas visitadas) a trav\u00e9s de cookies y tecnolog\u00edas similares.<\/li>\n<\/ul>\n\n\n\n<h4 class=\"wp-block-heading\">2. C\u00f3mo utilizamos su informaci\u00f3n<\/h4>\n\n\n\n<p>Utilizamos la informaci\u00f3n que recopilamos para los siguientes fines:<\/p>\n\n\n\n<ul class=\"wp-block-list\">\n<li><strong>Reserva y pago<\/strong>: Para procesar sus reservas de clases de surf y el pago.<\/li>\n\n\n\n<li><strong>Comunicaci\u00f3n<\/strong>: Para confirmar tu horario de clases v\u00eda WhatsApp y responder a tus consultas.<\/li>\n\n\n\n<li><strong>Mejoras<\/strong>: Para mejorar nuestro sitio web y nuestros servicios bas\u00e1ndonos en las interacciones de los usuarios.<\/li>\n\n\n\n<li><strong>Cumplimiento legal<\/strong>: Cumplir las leyes y reglamentos aplicables.<\/li>\n<\/ul>\n\n\n\n<h4 class=\"wp-block-heading\">3. C\u00f3mo protegemos sus datos<\/h4>\n\n\n\n<p>Nos tomamos muy en serio la protecci\u00f3n de sus datos. Toda la informaci\u00f3n personal y de pago se cifra y almacena de forma segura. Aplicamos medidas est\u00e1ndar del sector para proteger su informaci\u00f3n frente a accesos, alteraciones o divulgaciones no autorizados.<\/p>\n\n\n\n<h4 class=\"wp-block-heading\">4. Compartir su informaci\u00f3n<\/h4>\n\n\n\n<p>No compartimos su informaci\u00f3n personal con terceros, excepto:<\/p>\n\n\n\n<ul class=\"wp-block-list\">\n<li><strong>Proveedores de servicios<\/strong>: Procesadores de pagos u otros servicios de terceros que nos ayudan a procesar su reserva.<\/li>\n\n\n\n<li><strong>Requisitos legales<\/strong>: Cuando lo exija la ley o para proteger la seguridad, los derechos o la propiedad de la Empresa.<\/li>\n<\/ul>\n\n\n\n<h4 class=\"wp-block-heading\">5. Cookies<\/h4>\n\n\n\n<p>Utilizamos cookies para mejorar su experiencia en nuestro sitio web. Las cookies son peque\u00f1os archivos que se almacenan en su dispositivo. Al utilizar nuestro sitio web, usted acepta el uso que hacemos de las cookies. Puede desactivar las cookies a trav\u00e9s de la configuraci\u00f3n de su navegador, aunque esto puede afectar a la funcionalidad del sitio web.<\/p>\n\n\n\n<h4 class=\"wp-block-heading\">6. Sus derechos<\/h4>\n\n\n\n<p>Tienes derecho a:<\/p>\n\n\n\n<ul class=\"wp-block-list\">\n<li><strong>Acceda a<\/strong> los datos personales que tenemos sobre usted.<\/li>\n\n\n\n<li><strong>Correcto<\/strong> cualquier informaci\u00f3n incorrecta u obsoleta.<\/li>\n\n\n\n<li><strong>Solicitud de supresi\u00f3n<\/strong> de sus datos personales, con sujeci\u00f3n a las obligaciones legales o leg\u00edtimas que podamos tener.<\/li>\n<\/ul>\n\n\n\n<p>Para ejercer cualquiera de estos derechos, p\u00f3ngase en contacto con nosotros en <strong><a>info@boardsconnections.surf<\/a><\/strong>.<\/p>\n\n\n\n<h4 class=\"wp-block-heading\">7. 7. Conservaci\u00f3n de datos<\/h4>\n\n\n\n<p>Conservaremos su informaci\u00f3n personal durante el tiempo que sea necesario para cumplir los fines descritos en esta Pol\u00edtica de Privacidad o seg\u00fan lo exija la ley.<\/p>\n\n\n\n<h4 class=\"wp-block-heading\">8. Cambios en esta pol\u00edtica de privacidad<\/h4>\n\n\n\n<p>Boards Connections puede actualizar esta Pol\u00edtica de Privacidad de vez en cuando. Cualquier cambio se publicar\u00e1 en esta p\u00e1gina, y le recomendamos que la revise peri\u00f3dicamente.<\/p>\n\n\n\n<h4 class=\"wp-block-heading\">9. Contacto<\/h4>\n\n\n\n<p>Si tiene alguna pregunta sobre esta Pol\u00edtica de privacidad, p\u00f3ngase en contacto con nosotros en <strong><a>info@boardsconnections.surf<\/a><\/strong>.<\/p>","protected":false},"excerpt":{"rendered":"<p>At Boards Connections, accessible from https:\/\/boardsconnections.surf, we are committed to protecting your privacy. This Privacy Policy document outlines the types of information that we collect and how we use, store, and protect it. 1. Information We Collect When you book a surf lesson or interact with our website, we may collect the following information: 2. [&hellip;]<\/p>","protected":false},"author":1,"featured_media":0,"parent":0,"menu_order":0,"comment_status":"closed","ping_status":"closed","template":"","meta":{"_acf_changed":false,"_monsterinsights_skip_tracking":false,"_monsterinsights_sitenote_active":false,"_monsterinsights_sitenote_note":"","_monsterinsights_sitenote_category":0,"_joinchat":[],"footnotes":""},"class_list":["post-3","page","type-page","status-publish","hentry"],"acf":[],"_links":{"self":[{"href":"https:\/\/boardsconnections.surf\/es\/wp-json\/wp\/v2\/pages\/3","targetHints":{"allow":["GET"]}}],"collection":[{"href":"https:\/\/boardsconnections.surf\/es\/wp-json\/wp\/v2\/pages"}],"about":[{"href":"https:\/\/boardsconnections.surf\/es\/wp-json\/wp\/v2\/types\/page"}],"author":[{"embeddable":true,"href":"https:\/\/boardsconnections.surf\/es\/wp-json\/wp\/v2\/users\/1"}],"replies":[{"embeddable":true,"href":"https:\/\/boardsconnections.surf\/es\/wp-json\/wp\/v2\/comments?post=3"}],"version-history":[{"count":1,"href":"https:\/\/boardsconnections.surf\/es\/wp-json\/wp\/v2\/pages\/3\/revisions"}],"predecessor-version":[{"id":934,"href":"https:\/\/boardsconnections.surf\/es\/wp-json\/wp\/v2\/pages\/3\/revisions\/934"}],"wp:attachment":[{"href":"https:\/\/boardsconnections.surf\/es\/wp-json\/wp\/v2\/media?parent=3"}],"curies":[{"name":"wp","href":"https:\/\/api.w.org\/{rel}","templated":true}]}}