{"id":3,"date":"2024-08-28T14:15:21","date_gmt":"2024-08-28T14:15:21","guid":{"rendered":"https:\/\/boardsconnections.surf\/?page_id=3"},"modified":"2024-09-09T12:25:05","modified_gmt":"2024-09-09T10:25:05","slug":"privacy-policy","status":"publish","type":"page","link":"https:\/\/boardsconnections.surf\/it\/informativa-sulla-privacy\/","title":{"rendered":"Informativa sulla privacy"},"content":{"rendered":"<p>Alla Boards Connections, accessibile da <a href=\"https:\/\/boardsconnections.surf\/it\/\">https:\/\/boardsconnections.surf<\/a>ci impegniamo a proteggere la vostra privacy. La presente Informativa sulla privacy illustra i tipi di informazioni che raccogliamo e le modalit\u00e0 di utilizzo, archiviazione e protezione delle stesse.<\/p>\n\n\n\n<h4 class=\"wp-block-heading\">1. Informazioni raccolte<\/h4>\n\n\n\n<p>Quando prenotate una lezione di surf o interagite con il nostro sito web, possiamo raccogliere le seguenti informazioni:<\/p>\n\n\n\n<ul class=\"wp-block-list\">\n<li><strong>Informazioni personali<\/strong>: Nome, indirizzo e-mail, numero di telefono (per le conferme WhatsApp) e dati della carta di credito.<\/li>\n\n\n\n<li><strong>Comunicazioni<\/strong>: Tutti i messaggi o le richieste di informazioni inviateci via e-mail o WhatsApp.<\/li>\n\n\n\n<li><strong>Dati di utilizzo<\/strong>: Informazioni sulle modalit\u00e0 di utilizzo del nostro sito web (ad esempio, indirizzo IP, tipo di browser, pagine visitate) attraverso i cookie e tecnologie simili.<\/li>\n<\/ul>\n\n\n\n<h4 class=\"wp-block-heading\">2. Come utilizziamo le vostre informazioni<\/h4>\n\n\n\n<p>Utilizziamo le informazioni raccolte per i seguenti scopi:<\/p>\n\n\n\n<ul class=\"wp-block-list\">\n<li><strong>Prenotazione e pagamento<\/strong>: Per elaborare le prenotazioni e i pagamenti delle lezioni di surf.<\/li>\n\n\n\n<li><strong>Comunicazione<\/strong>: Per confermare l'orario delle lezioni via WhatsApp e rispondere alle vostre richieste.<\/li>\n\n\n\n<li><strong>Miglioramenti<\/strong>: Per migliorare il nostro sito web e i nostri servizi in base alle interazioni degli utenti.<\/li>\n\n\n\n<li><strong>Conformit\u00e0 legale<\/strong>: Per rispettare le leggi e le normative vigenti.<\/li>\n<\/ul>\n\n\n\n<h4 class=\"wp-block-heading\">3. Come proteggiamo i vostri dati<\/h4>\n\n\n\n<p>Prendiamo sul serio la protezione dei vostri dati. Tutte le informazioni personali e di pagamento sono criptate e conservate in modo sicuro. Implementiamo misure standard del settore per proteggere le vostre informazioni da accessi non autorizzati, alterazioni o divulgazioni.<\/p>\n\n\n\n<h4 class=\"wp-block-heading\">4. Condivisione delle informazioni<\/h4>\n\n\n\n<p>Non condividiamo i vostri dati personali con terze parti, ad eccezione di:<\/p>\n\n\n\n<ul class=\"wp-block-list\">\n<li><strong>Fornitori di servizi<\/strong>: Processori di pagamento o altri servizi di terzi che ci assistono nell'elaborazione della vostra prenotazione.<\/li>\n\n\n\n<li><strong>Requisiti legali<\/strong>: Quando richiesto dalla legge o per proteggere la sicurezza, i diritti o la propriet\u00e0 della Societ\u00e0.<\/li>\n<\/ul>\n\n\n\n<h4 class=\"wp-block-heading\">5. I biscotti<\/h4>\n\n\n\n<p>Utilizziamo i cookie per migliorare la vostra esperienza sul nostro sito web. I cookie sono piccoli file che vengono memorizzati sul vostro dispositivo. Utilizzando il nostro sito web, acconsentite al nostro utilizzo dei cookie. \u00c8 possibile disabilitare i cookie attraverso le impostazioni del browser, anche se ci\u00f2 potrebbe influire sulla funzionalit\u00e0 del sito web.<\/p>\n\n\n\n<h4 class=\"wp-block-heading\">6. I vostri diritti<\/h4>\n\n\n\n<p>Avete il diritto di:<\/p>\n\n\n\n<ul class=\"wp-block-list\">\n<li><strong>Accesso<\/strong> i dati personali in nostro possesso.<\/li>\n\n\n\n<li><strong>Corretto<\/strong> qualsiasi informazione errata o non aggiornata.<\/li>\n\n\n\n<li><strong>Richiesta di cancellazione<\/strong> dei vostri dati personali, nel rispetto degli obblighi legali o legittimi che possiamo avere.<\/li>\n<\/ul>\n\n\n\n<p>Per esercitare uno qualsiasi di questi diritti, si prega di contattarci all'indirizzo <strong><a>info@boardsconnections.surf<\/a><\/strong>.<\/p>\n\n\n\n<h4 class=\"wp-block-heading\">7. Conservazione dei dati<\/h4>\n\n\n\n<p>Conserveremo le informazioni personali dell'utente per il tempo necessario a soddisfare gli scopi delineati nella presente Informativa sulla privacy o come richiesto dalla legge.<\/p>\n\n\n\n<h4 class=\"wp-block-heading\">8. Modifiche alla presente Informativa sulla privacy<\/h4>\n\n\n\n<p>Boards Connections pu\u00f2 aggiornare periodicamente la presente Informativa sulla privacy. Eventuali modifiche saranno pubblicate su questa pagina e vi invitiamo a consultarla periodicamente.<\/p>\n\n\n\n<h4 class=\"wp-block-heading\">9. Contatti<\/h4>\n\n\n\n<p>In caso di domande relative alla presente Informativa sulla privacy, si prega di contattarci all'indirizzo <strong><a>info@boardsconnections.surf<\/a><\/strong>.<\/p>","protected":false},"excerpt":{"rendered":"<p>Noi di Boards Connections, accessibile da https:\/\/boardsconnections.surf, ci impegniamo a proteggere la vostra privacy. La presente Informativa sulla privacy illustra i tipi di informazioni che raccogliamo e le modalit\u00e0 di utilizzo, archiviazione e protezione delle stesse. 1. Informazioni raccolte Quando prenotate una lezione di surf o interagite con il nostro sito web, possiamo raccogliere le seguenti informazioni: 2. [...]<\/p>","protected":false},"author":1,"featured_media":0,"parent":0,"menu_order":0,"comment_status":"closed","ping_status":"closed","template":"","meta":{"_acf_changed":false,"_monsterinsights_skip_tracking":false,"_monsterinsights_sitenote_active":false,"_monsterinsights_sitenote_note":"","_monsterinsights_sitenote_category":0,"_joinchat":[],"footnotes":""},"class_list":["post-3","page","type-page","status-publish","hentry"],"acf":[],"_links":{"self":[{"href":"https:\/\/boardsconnections.surf\/it\/wp-json\/wp\/v2\/pages\/3","targetHints":{"allow":["GET"]}}],"collection":[{"href":"https:\/\/boardsconnections.surf\/it\/wp-json\/wp\/v2\/pages"}],"about":[{"href":"https:\/\/boardsconnections.surf\/it\/wp-json\/wp\/v2\/types\/page"}],"author":[{"embeddable":true,"href":"https:\/\/boardsconnections.surf\/it\/wp-json\/wp\/v2\/users\/1"}],"replies":[{"embeddable":true,"href":"https:\/\/boardsconnections.surf\/it\/wp-json\/wp\/v2\/comments?post=3"}],"version-history":[{"count":1,"href":"https:\/\/boardsconnections.surf\/it\/wp-json\/wp\/v2\/pages\/3\/revisions"}],"predecessor-version":[{"id":934,"href":"https:\/\/boardsconnections.surf\/it\/wp-json\/wp\/v2\/pages\/3\/revisions\/934"}],"wp:attachment":[{"href":"https:\/\/boardsconnections.surf\/it\/wp-json\/wp\/v2\/media?parent=3"}],"curies":[{"name":"wp","href":"https:\/\/api.w.org\/{rel}","templated":true}]}}